{"id":4358,"date":"2025-02-19T07:13:17","date_gmt":"2025-02-19T06:13:17","guid":{"rendered":"https:\/\/sanakin.com\/imprint\/"},"modified":"2025-05-28T07:25:41","modified_gmt":"2025-05-28T05:25:41","slug":"imprint","status":"publish","type":"page","link":"https:\/\/sanakin.com\/tr\/imprint\/","title":{"rendered":"K\u00fcnye"},"content":{"rendered":"<p>[et_pb_section fb_built=&#8221;1&#8243; custom_padding_last_edited=&#8221;off|phone&#8221; _builder_version=&#8221;4.27.4&#8243; _module_preset=&#8221;default&#8221; custom_padding=&#8221;80px||||false|false&#8221; custom_padding_phone=&#8221;||||false|false&#8221; global_colors_info=&#8221;{}&#8221;][et_pb_row _builder_version=&#8221;4.27.4&#8243; _module_preset=&#8221;default&#8221; global_colors_info=&#8221;{}&#8221;][et_pb_column type=&#8221;4_4&#8243; _builder_version=&#8221;4.27.4&#8243; _module_preset=&#8221;default&#8221; global_colors_info=&#8221;{}&#8221;][et_pb_text _builder_version=&#8221;4.27.4&#8243; _module_preset=&#8221;default&#8221; text_font=&#8221;|600|||||||&#8221; text_text_color=&#8221;#54C1EF&#8221; text_font_size=&#8221;20px&#8221; text_line_height=&#8221;2em&#8221; header_font=&#8221;|600|||||||&#8221; header_text_align=&#8221;center&#8221; header_text_color=&#8221;#017DC5&#8243; header_2_font=&#8221;|600|||||||&#8221; header_2_text_color=&#8221;#017DC5&#8243; header_2_font_size=&#8221;30px&#8221; header_3_font=&#8221;|600|||||||&#8221; header_3_text_color=&#8221;#54C1EF&#8221; header_3_font_size=&#8221;20px&#8221; text_orientation=&#8221;center&#8221; global_colors_info=&#8221;{}&#8221;]<\/p>\n<h3>Politikalar Merkezi<\/h3>\n<p>[\/et_pb_text][et_pb_text _builder_version=&#8221;4.27.4&#8243; _module_preset=&#8221;default&#8221; header_font=&#8221;|600|||||||&#8221; header_text_align=&#8221;center&#8221; header_text_color=&#8221;#017DC5&#8243; header_2_font=&#8221;|600|||||||&#8221; header_2_text_color=&#8221;#017DC5&#8243; header_2_font_size=&#8221;30px&#8221; header_3_font=&#8221;|600|||||||&#8221; header_3_text_color=&#8221;#54C1EF&#8221; header_3_font_size=&#8221;20px&#8221; global_colors_info=&#8221;{}&#8221;]<\/p>\n<h1>K\u00fcnye<\/h1>\n<p>[\/et_pb_text][et_pb_text _builder_version=&#8221;4.27.4&#8243; _module_preset=&#8221;default&#8221; text_text_color=&#8221;#FFFFFF&#8221; header_font=&#8221;|600|||||||&#8221; header_text_align=&#8221;center&#8221; header_text_color=&#8221;#017DC5&#8243; header_2_font=&#8221;|600|||||||&#8221; header_2_text_color=&#8221;#017DC5&#8243; header_2_font_size=&#8221;30px&#8221; header_3_font=&#8221;|600|||||||&#8221; header_3_text_color=&#8221;#54C1EF&#8221; header_3_font_size=&#8221;20px&#8221; background_color=&#8221;#54C1EF&#8221; text_orientation=&#8221;center&#8221; background_layout=&#8221;dark&#8221; custom_margin=&#8221;1em|auto||auto|false|true&#8221; custom_padding=&#8221;0.4em|1em|0.4em|1em|true|true&#8221; custom_css_free_form=&#8221;selector {||  width: fit-content;||}&#8221; border_radii=&#8221;on|100px|100px|100px|100px&#8221; global_colors_info=&#8221;{}&#8221;]<\/p>\n<p>Son g\u00fcncelleme: <strong>18 \u015eubat 2025<\/strong><\/p>\n<p>[\/et_pb_text][\/et_pb_column][\/et_pb_row][\/et_pb_section][et_pb_section fb_built=&#8221;1&#8243; _builder_version=&#8221;4.27.4&#8243; _module_preset=&#8221;default&#8221; background_color=&#8221;#f8f8f8&#8243; custom_padding=&#8221;20px||20px||true|false&#8221; global_colors_info=&#8221;{}&#8221;][et_pb_row _builder_version=&#8221;4.27.4&#8243; _module_preset=&#8221;default&#8221; custom_padding=&#8221;||0px||false|false&#8221; global_colors_info=&#8221;{}&#8221;][et_pb_column type=&#8221;4_4&#8243; _builder_version=&#8221;4.27.4&#8243; _module_preset=&#8221;default&#8221; global_colors_info=&#8221;{}&#8221;][et_pb_text _builder_version=&#8221;4.27.4&#8243; _module_preset=&#8221;default&#8221; header_font=&#8221;|600|||||||&#8221; header_text_align=&#8221;center&#8221; header_text_color=&#8221;#017DC5&#8243; header_2_font=&#8221;|600|||||||&#8221; header_2_text_color=&#8221;#017DC5&#8243; header_2_font_size=&#8221;30px&#8221; header_3_font=&#8221;|600|||||||&#8221; header_3_text_color=&#8221;#54C1EF&#8221; header_3_font_size=&#8221;20px&#8221; custom_padding=&#8221;||1em||false|false&#8221; global_colors_info=&#8221;{}&#8221;]<\/p>\n<h2>\u015eirket Detaylar\u0131<\/h2>\n<p>[\/et_pb_text][et_pb_text _builder_version=&#8221;4.27.4&#8243; _module_preset=&#8221;default&#8221; text_font_size=&#8221;18px&#8221; text_line_height=&#8221;1.4em&#8221; header_font=&#8221;|600|||||||&#8221; header_text_align=&#8221;center&#8221; header_text_color=&#8221;#017DC5&#8243; header_2_font=&#8221;|600|||||||&#8221; header_2_text_color=&#8221;#017DC5&#8243; header_2_font_size=&#8221;30px&#8221; header_3_font=&#8221;|600|||||||&#8221; header_3_text_color=&#8221;#54C1EF&#8221; header_3_font_size=&#8221;20px&#8221; global_colors_info=&#8221;{}&#8221;]<\/p>\n<p><strong>Sanakin BioScience SA<\/strong><br \/>Rue des Tavillonneurs 13<br \/>1635 La Tour-de-Tr\u00eame<br \/>\u0130svi\u00e7re<\/p>\n<p>Y\u00f6netim: S\u00e9bastien Buchs<br \/>IDE : CHE-307.597.266<br \/>MwSt-ID. : CHE-302.597.266 <\/p>\n<p>[\/et_pb_text][\/et_pb_column][\/et_pb_row][et_pb_row _builder_version=&#8221;4.27.4&#8243; _module_preset=&#8221;default&#8221; custom_padding=&#8221;||0px||false|false&#8221; global_colors_info=&#8221;{}&#8221;][et_pb_column type=&#8221;4_4&#8243; _builder_version=&#8221;4.27.4&#8243; _module_preset=&#8221;default&#8221; global_colors_info=&#8221;{}&#8221;][et_pb_text _builder_version=&#8221;4.27.4&#8243; _module_preset=&#8221;default&#8221; header_font=&#8221;|600|||||||&#8221; header_text_align=&#8221;center&#8221; header_text_color=&#8221;#017DC5&#8243; header_2_font=&#8221;|600|||||||&#8221; header_2_text_color=&#8221;#017DC5&#8243; header_2_font_size=&#8221;30px&#8221; header_3_font=&#8221;|600|||||||&#8221; header_3_text_color=&#8221;#54C1EF&#8221; header_3_font_size=&#8221;20px&#8221; custom_padding=&#8221;||1em||false|false&#8221; global_colors_info=&#8221;{}&#8221;]<\/p>\n<h3>\u0130leti\u015fim<\/h3>\n<p>[\/et_pb_text][et_pb_text _builder_version=&#8221;4.27.4&#8243; _module_preset=&#8221;default&#8221; text_font_size=&#8221;18px&#8221; text_line_height=&#8221;1.4em&#8221; header_font=&#8221;|600|||||||&#8221; header_text_align=&#8221;center&#8221; header_text_color=&#8221;#017DC5&#8243; header_2_font=&#8221;|600|||||||&#8221; header_2_text_color=&#8221;#017DC5&#8243; header_2_font_size=&#8221;30px&#8221; header_3_font=&#8221;|600|||||||&#8221; header_3_text_color=&#8221;#54C1EF&#8221; header_3_font_size=&#8221;20px&#8221; global_colors_info=&#8221;{}&#8221;]<\/p>\n<p>E-Mail: <a href=\"mailto:office@sanakin.com\">office@sanakin.com<\/a><\/p>\n<p>[\/et_pb_text][\/et_pb_column][\/et_pb_row][et_pb_row _builder_version=&#8221;4.27.4&#8243; _module_preset=&#8221;default&#8221; global_colors_info=&#8221;{}&#8221;][et_pb_column type=&#8221;4_4&#8243; _builder_version=&#8221;4.27.4&#8243; _module_preset=&#8221;default&#8221; global_colors_info=&#8221;{}&#8221;][et_pb_text _builder_version=&#8221;4.27.4&#8243; _module_preset=&#8221;default&#8221; header_font=&#8221;|600|||||||&#8221; header_text_align=&#8221;center&#8221; header_text_color=&#8221;#017DC5&#8243; header_2_font=&#8221;|600|||||||&#8221; header_2_text_color=&#8221;#017DC5&#8243; header_2_font_size=&#8221;30px&#8221; header_3_font=&#8221;|600|||||||&#8221; header_3_text_color=&#8221;#54C1EF&#8221; header_3_font_size=&#8221;20px&#8221; custom_padding=&#8221;||1em||false|false&#8221; global_colors_info=&#8221;{}&#8221;]<\/p>\n<h3>\u0130\u00e7erikten sorumlu<\/h3>\n<p>[\/et_pb_text][et_pb_text _builder_version=&#8221;4.27.4&#8243; _module_preset=&#8221;default&#8221; text_font_size=&#8221;18px&#8221; text_line_height=&#8221;1.4em&#8221; header_font=&#8221;|600|||||||&#8221; header_text_align=&#8221;center&#8221; header_text_color=&#8221;#017DC5&#8243; header_2_font=&#8221;|600|||||||&#8221; header_2_text_color=&#8221;#017DC5&#8243; header_2_font_size=&#8221;30px&#8221; header_3_font=&#8221;|600|||||||&#8221; header_3_text_color=&#8221;#54C1EF&#8221; header_3_font_size=&#8221;20px&#8221; global_colors_info=&#8221;{}&#8221;]<\/p>\n<p>Sanakin BioScience SA<br \/>Rue des Tavillonneurs 13<br \/>1635 La Tour-de-Tr\u00eame<br \/>\u0130svi\u00e7re<\/p>\n<p>[\/et_pb_text][\/et_pb_column][\/et_pb_row][\/et_pb_section][et_pb_section fb_built=&#8221;1&#8243; _builder_version=&#8221;4.27.4&#8243; _module_preset=&#8221;default&#8221; custom_padding=&#8221;20px||20px||true|false&#8221; global_colors_info=&#8221;{}&#8221;][et_pb_row _builder_version=&#8221;4.27.4&#8243; _module_preset=&#8221;default&#8221; custom_padding=&#8221;||0px||false|false&#8221; global_colors_info=&#8221;{}&#8221;][et_pb_column type=&#8221;4_4&#8243; _builder_version=&#8221;4.27.4&#8243; _module_preset=&#8221;default&#8221; global_colors_info=&#8221;{}&#8221;][et_pb_text _builder_version=&#8221;4.27.4&#8243; _module_preset=&#8221;default&#8221; header_font=&#8221;|600|||||||&#8221; header_text_align=&#8221;center&#8221; header_text_color=&#8221;#017DC5&#8243; header_2_font=&#8221;|600|||||||&#8221; header_2_text_color=&#8221;#017DC5&#8243; header_2_font_size=&#8221;30px&#8221; header_3_font=&#8221;|600|||||||&#8221; header_3_text_color=&#8221;#54C1EF&#8221; header_3_font_size=&#8221;20px&#8221; global_colors_info=&#8221;{}&#8221;]<\/p>\n<h2>Yasal Uyar\u0131<\/h2>\n<p>[\/et_pb_text][\/et_pb_column][\/et_pb_row][et_pb_row _builder_version=&#8221;4.27.4&#8243; _module_preset=&#8221;default&#8221; custom_padding=&#8221;||0px||false|false&#8221; global_colors_info=&#8221;{}&#8221;][et_pb_column type=&#8221;4_4&#8243; _builder_version=&#8221;4.27.4&#8243; _module_preset=&#8221;default&#8221; global_colors_info=&#8221;{}&#8221;][et_pb_text _builder_version=&#8221;4.27.4&#8243; _module_preset=&#8221;default&#8221; header_font=&#8221;|600|||||||&#8221; header_text_align=&#8221;center&#8221; header_text_color=&#8221;#017DC5&#8243; header_2_font=&#8221;|600|||||||&#8221; header_2_text_color=&#8221;#017DC5&#8243; header_2_font_size=&#8221;30px&#8221; header_3_font=&#8221;|600|||||||&#8221; header_3_text_color=&#8221;#54C1EF&#8221; header_3_font_size=&#8221;20px&#8221; custom_padding=&#8221;||1em||false|false&#8221; global_colors_info=&#8221;{}&#8221;]<\/p>\n<h3>Ba\u011flant\u0131larla \u0130lgili Sorumluluk<\/h3>\n<p>[\/et_pb_text][et_pb_text _builder_version=&#8221;4.27.4&#8243; _module_preset=&#8221;default&#8221; text_font_size=&#8221;18px&#8221; text_line_height=&#8221;1.4em&#8221; header_font=&#8221;|600|||||||&#8221; header_text_align=&#8221;center&#8221; header_text_color=&#8221;#017DC5&#8243; header_2_font=&#8221;|600|||||||&#8221; header_2_text_color=&#8221;#017DC5&#8243; header_2_font_size=&#8221;30px&#8221; header_3_font=&#8221;|600|||||||&#8221; header_3_text_color=&#8221;#54C1EF&#8221; header_3_font_size=&#8221;20px&#8221; global_colors_info=&#8221;{}&#8221;]Web sitemizde, i\u00e7erikleri \u00fczerinde herhangi bir kontrol\u00fcm\u00fcz\u00fcn bulunmad\u0131\u011f\u0131 \u00fc\u00e7\u00fcnc\u00fc taraflara ait harici internet sitelerine ait ba\u011flant\u0131lar yer almaktad\u0131r. Bu nedenle, bu sitelerde yer alan i\u00e7eriklerden dolay\u0131 herhangi bir sorumluluk kabul edemeyiz. Ba\u011flant\u0131 verilen sayfalar\u0131n i\u00e7eri\u011finden daima ilgili sa\u011flay\u0131c\u0131 veya site i\u015fletmecisi sorumludur.<br \/>Ba\u011flant\u0131lar, verildikleri tarihte olas\u0131 yasal ihlaller a\u00e7\u0131s\u0131ndan kontrol edilmi\u015ftir. O s\u0131rada yasa d\u0131\u015f\u0131 bir i\u00e7eri\u011fe rastlanmam\u0131\u015ft\u0131r. Ancak, ba\u011flant\u0131 verilen sayfalar\u0131n i\u00e7eri\u011finin s\u00fcrekli olarak denetlenmesi, somut bir ihlal belirtisi olmad\u0131k\u00e7a makul de\u011fildir. Herhangi bir yasal ihlalin taraf\u0131m\u0131zca tespit edilmesi durumunda, ilgili ba\u011flant\u0131lar derhal kald\u0131r\u0131lacakt\u0131r.[\/et_pb_text][\/et_pb_column][\/et_pb_row][et_pb_row _builder_version=&#8221;4.27.4&#8243; _module_preset=&#8221;default&#8221; custom_padding=&#8221;||0px||false|false&#8221; global_colors_info=&#8221;{}&#8221;][et_pb_column type=&#8221;4_4&#8243; _builder_version=&#8221;4.27.4&#8243; _module_preset=&#8221;default&#8221; global_colors_info=&#8221;{}&#8221;][et_pb_text _builder_version=&#8221;4.27.4&#8243; _module_preset=&#8221;default&#8221; header_font=&#8221;|600|||||||&#8221; header_text_align=&#8221;center&#8221; header_text_color=&#8221;#017DC5&#8243; header_2_font=&#8221;|600|||||||&#8221; header_2_text_color=&#8221;#017DC5&#8243; header_2_font_size=&#8221;30px&#8221; header_3_font=&#8221;|600|||||||&#8221; header_3_text_color=&#8221;#54C1EF&#8221; header_3_font_size=&#8221;20px&#8221; custom_padding=&#8221;||1em||false|false&#8221; global_colors_info=&#8221;{}&#8221;]<\/p>\n<h3>Veri G\u00fcvenli\u011fi<\/h3>\n<p>[\/et_pb_text][et_pb_text _builder_version=&#8221;4.27.4&#8243; _module_preset=&#8221;default&#8221; text_font_size=&#8221;18px&#8221; text_line_height=&#8221;1.4em&#8221; header_font=&#8221;|600|||||||&#8221; header_text_align=&#8221;center&#8221; header_text_color=&#8221;#017DC5&#8243; header_2_font=&#8221;|600|||||||&#8221; header_2_text_color=&#8221;#017DC5&#8243; header_2_font_size=&#8221;30px&#8221; header_3_font=&#8221;|600|||||||&#8221; header_3_text_color=&#8221;#54C1EF&#8221; header_3_font_size=&#8221;20px&#8221; global_colors_info=&#8221;{}&#8221;]Web sitemizin kullan\u0131m\u0131, genellikle ki\u015fisel veri vermeden m\u00fcmk\u00fcnd\u00fcr. Sayfalar\u0131m\u0131zda ki\u015fisel veriler (\u00f6rne\u011fin isim, adres veya e-posta adresleri) topland\u0131\u011f\u0131nda, bu m\u00fcmk\u00fcn oldu\u011funca her zaman g\u00f6n\u00fcll\u00fcl\u00fck esas\u0131na dayan\u0131r. Bu veriler, a\u00e7\u0131k r\u0131zan\u0131z olmadan \u00fc\u00e7\u00fcnc\u00fc ki\u015filere aktar\u0131lmaz.<br \/>\n\u0130nternet \u00fczerinden veri iletiminin (\u00f6rne\u011fin e-posta yoluyla ileti\u015fimde) g\u00fcvenlik a\u00e7\u0131klar\u0131 bar\u0131nd\u0131rabilece\u011fine dikkat \u00e7ekmek isteriz. Verilerin \u00fc\u00e7\u00fcnc\u00fc ki\u015filer taraf\u0131ndan eri\u015filmeden tamamen korunmas\u0131 m\u00fcmk\u00fcn de\u011fildir. K\u00fcnye y\u00fck\u00fcml\u00fcl\u00fc\u011f\u00fc kapsam\u0131nda yay\u0131nlanan ileti\u015fim bilgileri, \u00fc\u00e7\u00fcnc\u00fc ki\u015filer taraf\u0131ndan a\u00e7\u0131k\u00e7a talep edilmemi\u015f reklam ve bilgi ama\u00e7l\u0131 materyallerin g\u00f6nderilmesi i\u00e7in kullan\u0131lamaz. Sayfa i\u015fletmecileri, istenmeyen reklam i\u00e7erikli bilgi g\u00f6nderimleri (\u00f6rne\u011fin spam e-postalar) durumunda yasal i\u015flem yapma hakk\u0131n\u0131 sakl\u0131 tutar.[\/et_pb_text][\/et_pb_column][\/et_pb_row][et_pb_row _builder_version=&#8221;4.27.4&#8243; _module_preset=&#8221;default&#8221; custom_padding=&#8221;||0px||false|false&#8221; global_colors_info=&#8221;{}&#8221;][et_pb_column type=&#8221;4_4&#8243; _builder_version=&#8221;4.27.4&#8243; _module_preset=&#8221;default&#8221; global_colors_info=&#8221;{}&#8221;][et_pb_text _builder_version=&#8221;4.27.4&#8243; _module_preset=&#8221;default&#8221; header_font=&#8221;|600|||||||&#8221; header_text_align=&#8221;center&#8221; header_text_color=&#8221;#017DC5&#8243; header_2_font=&#8221;|600|||||||&#8221; header_2_text_color=&#8221;#017DC5&#8243; header_2_font_size=&#8221;30px&#8221; header_3_font=&#8221;|600|||||||&#8221; header_3_text_color=&#8221;#54C1EF&#8221; header_3_font_size=&#8221;20px&#8221; custom_padding=&#8221;||1em||false|false&#8221; global_colors_info=&#8221;{}&#8221;]<\/p>\n<h3>Telif Hakk\u0131 ve G\u00f6rsel Haklar\u0131<\/h3>\n<p>[\/et_pb_text][et_pb_text _builder_version=&#8221;4.27.4&#8243; _module_preset=&#8221;default&#8221; text_font_size=&#8221;18px&#8221; text_line_height=&#8221;1.4em&#8221; header_font=&#8221;|600|||||||&#8221; header_text_align=&#8221;center&#8221; header_text_color=&#8221;#017DC5&#8243; header_2_font=&#8221;|600|||||||&#8221; header_2_text_color=&#8221;#017DC5&#8243; header_2_font_size=&#8221;30px&#8221; header_3_font=&#8221;|600|||||||&#8221; header_3_text_color=&#8221;#54C1EF&#8221; header_3_font_size=&#8221;20px&#8221; global_colors_info=&#8221;{}&#8221;]Bu sayfalarda yer alan i\u00e7erik ve \u00e7al\u0131\u015fmalar, \u0130svi\u00e7re telif hakk\u0131 yasas\u0131na tabidir. Telif hakk\u0131 s\u0131n\u0131rlar\u0131n\u0131 a\u015fan kopyalama, i\u015fleme, da\u011f\u0131t\u0131m ve her t\u00fcrl\u00fc kullan\u0131m i\u00e7in ilgili yazar\u0131n veya yarat\u0131c\u0131 ki\u015finin yaz\u0131l\u0131 izni gereklidir. Bu sayfan\u0131n indirilmesi ve kopyalanmas\u0131 yaln\u0131zca \u00f6zel, ticari olmayan kullan\u0131m i\u00e7in izinlidir.<br \/>Sitenin i\u00e7eri\u011fi i\u015fletici taraf\u0131ndan olu\u015fturulmam\u0131\u015fsa, \u00fc\u00e7\u00fcnc\u00fc taraflar\u0131n telif haklar\u0131na sayg\u0131 g\u00f6sterilmektedir. \u00d6zellikle \u00fc\u00e7\u00fcnc\u00fc taraflara ait i\u00e7erikler bu \u015fekilde belirtilmi\u015ftir. Ancak, telif hakk\u0131 ihlali oldu\u011fundan haberdar olman\u0131z durumunda, bize uygun bir bildirimde bulunman\u0131z\u0131 rica ederiz. Yasal ihlallerden haberdar olmam\u0131z halinde, s\u00f6z konusu i\u00e7erikler derhal kald\u0131r\u0131lacakt\u0131r.[\/et_pb_text][\/et_pb_column][\/et_pb_row][et_pb_row _builder_version=&#8221;4.27.4&#8243; _module_preset=&#8221;default&#8221; global_colors_info=&#8221;{}&#8221;][et_pb_column type=&#8221;4_4&#8243; _builder_version=&#8221;4.27.4&#8243; _module_preset=&#8221;default&#8221; global_colors_info=&#8221;{}&#8221;][et_pb_text _builder_version=&#8221;4.27.4&#8243; _module_preset=&#8221;default&#8221; header_font=&#8221;|600|||||||&#8221; header_text_align=&#8221;center&#8221; header_text_color=&#8221;#017DC5&#8243; header_2_font=&#8221;|600|||||||&#8221; header_2_text_color=&#8221;#017DC5&#8243; header_2_font_size=&#8221;30px&#8221; header_3_font=&#8221;|600|||||||&#8221; header_3_text_color=&#8221;#54C1EF&#8221; header_3_font_size=&#8221;20px&#8221; custom_padding=&#8221;||1em||false|false&#8221; global_colors_info=&#8221;{}&#8221;]<\/p>\n<h3>G\u00f6rseller lisansl\u0131d\u0131r<\/h3>\n<p>[\/et_pb_text][et_pb_text _builder_version=&#8221;4.27.4&#8243; _module_preset=&#8221;default&#8221; text_font_size=&#8221;18px&#8221; text_line_height=&#8221;1.4em&#8221; header_font=&#8221;|600|||||||&#8221; header_text_align=&#8221;center&#8221; header_text_color=&#8221;#017DC5&#8243; header_2_font=&#8221;|600|||||||&#8221; header_2_text_color=&#8221;#017DC5&#8243; header_2_font_size=&#8221;30px&#8221; header_3_font=&#8221;|600|||||||&#8221; header_3_text_color=&#8221;#54C1EF&#8221; header_3_font_size=&#8221;20px&#8221; hover_enabled=&#8221;0&#8243; global_colors_info=&#8221;{}&#8221; custom_css_free_form=&#8221;@media (min-width: 768px) {||  selector {||    columns: 2;||  }||}&#8221; sticky_enabled=&#8221;0&#8243;]<\/p>\n<p>AdobeStock_103343461<br \/>Fotolia_51988303_XXL<br \/>Fotolia_101691177_XL<br \/>shutterstock_119595442<br \/>shutterstock_57558004<br \/>shutterstock_134426402<br \/>shutterstock_143682454<br \/>shutterstock_174563357<br \/>shutterstock_203140600<br \/>shutterstock_259019873<br \/>shutterstock_416888347<br \/>shutterstock_522190024<br \/>shutterstock_617710259<br \/>shutterstock_624087242<br \/>shutterstock_625298228<br \/>shutterstock_688461583<br \/>shutterstock_697856929<br \/>shutterstock_1403751890<br \/>shutterstock_1421113466<br \/>shutterstock_1449858881<br \/>shutterstock_1539330908<br \/>shutterstock_1593913672<br \/>shutterstock_1643125342<br \/>shutterstock_1655501809<br \/>shutterstock_1815248156<br \/>shutterstock_2119549688<br \/>shutterstock_2263814955<br \/>shutterstock_2347896465<br \/>shutterstock_2383880175<br \/>shutterstock_62913607<br \/>shutterstock_767724178<\/p>\n<p>[\/et_pb_text][\/et_pb_column][\/et_pb_row][\/et_pb_section]<\/p>\n","protected":false},"excerpt":{"rendered":"<p>Politikalar MerkeziK\u00fcnyeSon g\u00fcncelleme: 18 \u015eubat 2025\u015eirket Detaylar\u0131Sanakin BioScience SARue des Tavillonneurs 131635 La Tour-de-Tr\u00eame\u0130svi\u00e7re Y\u00f6netim: S\u00e9bastien BuchsIDE : CHE-307.597.266MwSt-ID. : CHE-302.597.266 \u0130leti\u015fimE-Mail: office@sanakin.com\u0130\u00e7erikten sorumluSanakin BioScience SARue des Tavillonneurs 131635 La Tour-de-Tr\u00eame\u0130svi\u00e7reYasal Uyar\u0131Ba\u011flant\u0131larla \u0130lgili SorumlulukWeb sitemizde, i\u00e7erikleri \u00fczerinde herhangi bir kontrol\u00fcm\u00fcz\u00fcn bulunmad\u0131\u011f\u0131 \u00fc\u00e7\u00fcnc\u00fc taraflara ait harici internet sitelerine ait ba\u011flant\u0131lar yer almaktad\u0131r. Bu nedenle, bu sitelerde [&hellip;]<\/p>\n","protected":false},"author":1,"featured_media":0,"parent":0,"menu_order":0,"comment_status":"closed","ping_status":"closed","template":"","meta":{"_et_pb_use_builder":"on","_et_pb_old_content":"","_et_gb_content_width":"","footnotes":""},"difl_page_category":[],"class_list":["post-4358","page","type-page","status-publish","hentry"],"yoast_head":"<!-- This site is optimized with the Yoast SEO plugin v27.3 - https:\/\/yoast.com\/product\/yoast-seo-wordpress\/ -->\n<title>K\u00fcnye - Sanakin<\/title>\n<meta name=\"robots\" content=\"index, follow, max-snippet:-1, max-image-preview:large, max-video-preview:-1\" \/>\n<link rel=\"canonical\" href=\"https:\/\/sanakin.com\/tr\/imprint\/\" \/>\n<meta name=\"twitter:label1\" content=\"Tahmini okuma s\u00fcresi\" \/>\n\t<meta name=\"twitter:data1\" content=\"9 dakika\" \/>\n<script type=\"application\/ld+json\" class=\"yoast-schema-graph\">{\"@context\":\"https:\\\/\\\/schema.org\",\"@graph\":[{\"@type\":\"WebPage\",\"@id\":\"https:\\\/\\\/sanakin.com\\\/tr\\\/imprint\\\/\",\"url\":\"https:\\\/\\\/sanakin.com\\\/tr\\\/imprint\\\/\",\"name\":\"K\u00fcnye - Sanakin\",\"isPartOf\":{\"@id\":\"https:\\\/\\\/sanakin.com\\\/tr\\\/#website\"},\"datePublished\":\"2025-02-19T06:13:17+00:00\",\"dateModified\":\"2025-05-28T05:25:41+00:00\",\"breadcrumb\":{\"@id\":\"https:\\\/\\\/sanakin.com\\\/tr\\\/imprint\\\/#breadcrumb\"},\"inLanguage\":\"tr\",\"potentialAction\":[{\"@type\":\"ReadAction\",\"target\":[\"https:\\\/\\\/sanakin.com\\\/tr\\\/imprint\\\/\"]}]},{\"@type\":\"BreadcrumbList\",\"@id\":\"https:\\\/\\\/sanakin.com\\\/tr\\\/imprint\\\/#breadcrumb\",\"itemListElement\":[{\"@type\":\"ListItem\",\"position\":1,\"name\":\"Home\",\"item\":\"https:\\\/\\\/sanakin.com\\\/tr\\\/home\\\/\"},{\"@type\":\"ListItem\",\"position\":2,\"name\":\"K\u00fcnye\"}]},{\"@type\":\"WebSite\",\"@id\":\"https:\\\/\\\/sanakin.com\\\/tr\\\/#website\",\"url\":\"https:\\\/\\\/sanakin.com\\\/tr\\\/\",\"name\":\"Sanakin\",\"description\":\"\",\"potentialAction\":[{\"@type\":\"SearchAction\",\"target\":{\"@type\":\"EntryPoint\",\"urlTemplate\":\"https:\\\/\\\/sanakin.com\\\/tr\\\/?s={search_term_string}\"},\"query-input\":{\"@type\":\"PropertyValueSpecification\",\"valueRequired\":true,\"valueName\":\"search_term_string\"}}],\"inLanguage\":\"tr\"}]}<\/script>\n<!-- \/ Yoast SEO plugin. -->","yoast_head_json":{"title":"K\u00fcnye - Sanakin","robots":{"index":"index","follow":"follow","max-snippet":"max-snippet:-1","max-image-preview":"max-image-preview:large","max-video-preview":"max-video-preview:-1"},"canonical":"https:\/\/sanakin.com\/tr\/imprint\/","twitter_misc":{"Tahmini okuma s\u00fcresi":"9 dakika"},"schema":{"@context":"https:\/\/schema.org","@graph":[{"@type":"WebPage","@id":"https:\/\/sanakin.com\/tr\/imprint\/","url":"https:\/\/sanakin.com\/tr\/imprint\/","name":"K\u00fcnye - Sanakin","isPartOf":{"@id":"https:\/\/sanakin.com\/tr\/#website"},"datePublished":"2025-02-19T06:13:17+00:00","dateModified":"2025-05-28T05:25:41+00:00","breadcrumb":{"@id":"https:\/\/sanakin.com\/tr\/imprint\/#breadcrumb"},"inLanguage":"tr","potentialAction":[{"@type":"ReadAction","target":["https:\/\/sanakin.com\/tr\/imprint\/"]}]},{"@type":"BreadcrumbList","@id":"https:\/\/sanakin.com\/tr\/imprint\/#breadcrumb","itemListElement":[{"@type":"ListItem","position":1,"name":"Home","item":"https:\/\/sanakin.com\/tr\/home\/"},{"@type":"ListItem","position":2,"name":"K\u00fcnye"}]},{"@type":"WebSite","@id":"https:\/\/sanakin.com\/tr\/#website","url":"https:\/\/sanakin.com\/tr\/","name":"Sanakin","description":"","potentialAction":[{"@type":"SearchAction","target":{"@type":"EntryPoint","urlTemplate":"https:\/\/sanakin.com\/tr\/?s={search_term_string}"},"query-input":{"@type":"PropertyValueSpecification","valueRequired":true,"valueName":"search_term_string"}}],"inLanguage":"tr"}]}},"_links":{"self":[{"href":"https:\/\/sanakin.com\/tr\/wp-json\/wp\/v2\/pages\/4358","targetHints":{"allow":["GET"]}}],"collection":[{"href":"https:\/\/sanakin.com\/tr\/wp-json\/wp\/v2\/pages"}],"about":[{"href":"https:\/\/sanakin.com\/tr\/wp-json\/wp\/v2\/types\/page"}],"author":[{"embeddable":true,"href":"https:\/\/sanakin.com\/tr\/wp-json\/wp\/v2\/users\/1"}],"replies":[{"embeddable":true,"href":"https:\/\/sanakin.com\/tr\/wp-json\/wp\/v2\/comments?post=4358"}],"version-history":[{"count":11,"href":"https:\/\/sanakin.com\/tr\/wp-json\/wp\/v2\/pages\/4358\/revisions"}],"predecessor-version":[{"id":4380,"href":"https:\/\/sanakin.com\/tr\/wp-json\/wp\/v2\/pages\/4358\/revisions\/4380"}],"wp:attachment":[{"href":"https:\/\/sanakin.com\/tr\/wp-json\/wp\/v2\/media?parent=4358"}],"wp:term":[{"taxonomy":"difl_page_category","embeddable":true,"href":"https:\/\/sanakin.com\/tr\/wp-json\/wp\/v2\/difl_page_category?post=4358"}],"curies":[{"name":"wp","href":"https:\/\/api.w.org\/{rel}","templated":true}]}}