{"id":4278,"date":"2024-06-09T07:31:35","date_gmt":"2024-06-09T05:31:35","guid":{"rendered":"https:\/\/sanakin.com\/application\/dermatoloji\/"},"modified":"2025-05-14T08:57:44","modified_gmt":"2025-05-14T06:57:44","slug":"dermatology","status":"publish","type":"page","link":"https:\/\/sanakin.com\/tr\/application\/dermatology\/","title":{"rendered":"Dermatoloji"},"content":{"rendered":"<p>[et_pb_section fb_built=&#8221;1&#8243; admin_label=&#8221;Application Header&#8221; _builder_version=&#8221;4.27.4&#8243; _module_preset=&#8221;default&#8221; positioning=&#8221;none&#8221; position_origin_a=&#8221;top_center&#8221; custom_padding=&#8221;0px||0px||true|false&#8221; collapsed=&#8221;off&#8221; global_colors_info=&#8221;{}&#8221; theme_builder_area=&#8221;post_content&#8221;][et_pb_row _builder_version=&#8221;4.27.4&#8243; _module_preset=&#8221;default&#8221; width=&#8221;100%&#8221; custom_padding=&#8221;0px||0px||true|false&#8221; global_colors_info=&#8221;{}&#8221; theme_builder_area=&#8221;post_content&#8221;][et_pb_column type=&#8221;4_4&#8243; _builder_version=&#8221;4.27.4&#8243; _module_preset=&#8221;default&#8221; global_colors_info=&#8221;{}&#8221; theme_builder_area=&#8221;post_content&#8221;][et_pb_image src=&#8221;https:\/\/sanakin.com\/wp-content\/uploads\/2025\/02\/slider_dermatology.webp&#8221; title_text=&#8221;slider_dermatology_mobile&#8221; force_fullwidth=&#8221;on&#8221; src_tablet=&#8221;&#8221; src_phone=&#8221;https:\/\/sanakin.com\/wp-content\/uploads\/2025\/02\/slider_dermatology_mobile.webp&#8221; src_last_edited=&#8221;on|phone&#8221; _builder_version=&#8221;4.27.4&#8243; _module_preset=&#8221;default&#8221; global_colors_info=&#8221;{}&#8221; theme_builder_area=&#8221;post_content&#8221;][\/et_pb_image][et_pb_image src=&#8221;https:\/\/sanakin.com\/wp-content\/uploads\/2024\/07\/dermatology_icon_animated.svg&#8221; title_text=&#8221;dermatology_icon_animated&#8221; admin_label=&#8221;Application Icon&#8221; _builder_version=&#8221;4.27.4&#8243; _module_preset=&#8221;default&#8221; positioning=&#8221;absolute&#8221; position_origin_a=&#8221;top_right&#8221; vertical_offset=&#8221;20px&#8221; horizontal_offset=&#8221;20px&#8221; z_index=&#8221;99999&#8243; height=&#8221;80px&#8221; global_colors_info=&#8221;{}&#8221; theme_builder_area=&#8221;post_content&#8221;][\/et_pb_image][\/et_pb_column][\/et_pb_row][\/et_pb_section][et_pb_section fb_built=&#8221;1&#8243; admin_label=&#8221;Application Content&#8221; _builder_version=&#8221;4.27.4&#8243; _module_preset=&#8221;default&#8221; collapsed=&#8221;off&#8221; global_colors_info=&#8221;{}&#8221; theme_builder_area=&#8221;post_content&#8221;][et_pb_row _builder_version=&#8221;4.25.1&#8243; _module_preset=&#8221;default&#8221; custom_margin=&#8221;0px||0px||true|false&#8221; custom_padding=&#8221;0px||0px||true|false&#8221; global_colors_info=&#8221;{}&#8221; theme_builder_area=&#8221;post_content&#8221;][et_pb_column type=&#8221;4_4&#8243; _builder_version=&#8221;4.25.1&#8243; _module_preset=&#8221;default&#8221; global_colors_info=&#8221;{}&#8221; theme_builder_area=&#8221;post_content&#8221;][et_pb_text admin_label=&#8221;Back to Applications&#8221; _builder_version=&#8221;4.27.4&#8243; _dynamic_attributes=&#8221;link_option_url&#8221; _module_preset=&#8221;default&#8221; text_font=&#8221;PT Sans||||||||&#8221; text_text_color=&#8221;#5e96c1&#8243; link_option_url=&#8221;@ET-DC@eyJkeW5hbWljIjp0cnVlLCJjb250ZW50IjoicG9zdF9tZXRhX2tleSIsInNldHRpbmdzIjp7ImJlZm9yZSI6IiIsImFmdGVyIjoiIiwibWV0YV9rZXkiOiIifX0=@&#8221; saved_tabs=&#8221;all&#8221; global_colors_info=&#8221;{}&#8221; global_module=&#8221;3629&#8243; theme_builder_area=&#8221;post_content&#8221;]<a href=\"https:\/\/sanakin.com\/#fields\">&lt; Back to Applications<\/a>[\/et_pb_text][\/et_pb_column][\/et_pb_row][et_pb_row _builder_version=&#8221;4.25.1&#8243; _module_preset=&#8221;default&#8221; background_color=&#8221;RGBA(255,255,255,0)&#8221; global_colors_info=&#8221;{}&#8221; theme_builder_area=&#8221;post_content&#8221;][et_pb_column type=&#8221;4_4&#8243; _builder_version=&#8221;4.25.1&#8243; _module_preset=&#8221;default&#8221; global_colors_info=&#8221;{}&#8221; theme_builder_area=&#8221;post_content&#8221;][et_pb_heading title=&#8221;Cilt hastal\u0131klar\u0131yla ba\u015fa \u00e7\u0131karken v\u00fccudun cevab\u0131 vermesine izin verin &#8221; module_id=&#8221;fields&#8221; _builder_version=&#8221;4.27.4&#8243; _module_preset=&#8221;default&#8221; title_font=&#8221;PT Sans|700|||||||&#8221; title_text_color=&#8221;#0C71C3&#8243; custom_padding=&#8221;||2em||false|false&#8221; global_colors_info=&#8221;{}&#8221; theme_builder_area=&#8221;post_content&#8221;][\/et_pb_heading][et_pb_text _builder_version=&#8221;4.25.2&#8243; _module_preset=&#8221;default&#8221; text_font=&#8221;PT Sans||||||||&#8221; global_colors_info=&#8221;{}&#8221; theme_builder_area=&#8221;post_content&#8221;]Cilt, insan v\u00fccudunun en b\u00fcy\u00fck organ\u0131d\u0131r. S\u0131cakl\u0131k ve nemi d\u00fczenler, d\u0131\u015f etkenlere ve patojenlere kar\u015f\u0131 korur, ayn\u0131 zamanda uyaranlar\u0131 \u00e7ok h\u0131zl\u0131 bir \u015fekilde al\u0131r ve hassas bir \u015fekilde tepki verir. Ka\u015f\u0131nt\u0131, k\u0131zar\u0131kl\u0131k, soyulma ve sivilceler gibi belirtiler, yaln\u0131zca hastan\u0131n \u00f6zg\u00fcveni \u00fczerinde olumsuz etkiler yaratmakla kalmaz, ayn\u0131 zamanda bazen a\u011fr\u0131l\u0131 da olabilir.  <\/p>\n<p>Bu y\u00fczden, iltihab\u0131 etkili bir \u015fekilde a\u015fmak, hasar g\u00f6rm\u00fc\u015f dokuyu onarmak ve sa\u011fl\u0131kl\u0131 cilt homeostaz\u0131n\u0131 yeniden sa\u011flamak i\u00e7in uygun bir tedavi stratejisi geli\u015ftirmek \u00e7ok \u00f6nemlidir; b\u00f6ylece hastalar ya\u015fam kalitelerini yeniden kazanabilirler.[\/et_pb_text][\/et_pb_column][\/et_pb_row][et_pb_row _builder_version=&#8221;4.27.4&#8243; _module_preset=&#8221;default&#8221; width_tablet=&#8221;&#8221; width_phone=&#8221;100%&#8221; width_last_edited=&#8221;on|phone&#8221; global_colors_info=&#8221;{}&#8221; theme_builder_area=&#8221;post_content&#8221;][et_pb_column type=&#8221;4_4&#8243; _builder_version=&#8221;4.25.1&#8243; _module_preset=&#8221;default&#8221; global_colors_info=&#8221;{}&#8221; theme_builder_area=&#8221;post_content&#8221;][et_pb_image src=&#8221;https:\/\/sanakin.com\/wp-content\/uploads\/2025\/02\/Dermatology_2.webp&#8221; title_text=&#8221;Dermatology_2&#8243; src_tablet=&#8221;https:\/\/sanakin.com\/wp-content\/uploads\/2024\/06\/Sanakin_Webpage_Dermatology-2.jpg&#8221; src_phone=&#8221;https:\/\/sanakin.com\/wp-content\/uploads\/2025\/02\/Mobile_Dermatology_1.webp&#8221; src_last_edited=&#8221;on|phone&#8221; _builder_version=&#8221;4.27.4&#8243; _module_preset=&#8221;default&#8221; global_colors_info=&#8221;{}&#8221; theme_builder_area=&#8221;post_content&#8221;][\/et_pb_image][\/et_pb_column][\/et_pb_row][et_pb_row _builder_version=&#8221;4.25.1&#8243; _module_preset=&#8221;default&#8221; global_colors_info=&#8221;{}&#8221; theme_builder_area=&#8221;post_content&#8221;][et_pb_column type=&#8221;4_4&#8243; _builder_version=&#8221;4.25.1&#8243; _module_preset=&#8221;default&#8221; global_colors_info=&#8221;{}&#8221; theme_builder_area=&#8221;post_content&#8221;][et_pb_text _builder_version=&#8221;4.25.2&#8243; _module_preset=&#8221;default&#8221; text_font=&#8221;PT Sans||||||||&#8221; global_colors_info=&#8221;{}&#8221; theme_builder_area=&#8221;post_content&#8221;]Sanakin Teknolojisi sayesinde, hekimler cilt dokusundaki iltihaplanma ve dejeneratif s\u00fcre\u00e7lerle h\u0131zla ba\u015fa \u00e7\u0131kabilir, y\u00fcksek tolerans ve etkinlik elde ederken yapay katk\u0131 maddelerinden tamamen ka\u00e7\u0131nabilirler. %100 otolog serumun odak noktas\u0131, iltihaplanmaya kararl\u0131 bir \u015fekilde m\u00fcdahale eden, onu d\u00fczenleyen ve sonras\u0131nda yenilenme s\u00fcre\u00e7lerini tetikleyen pozitif sitokinlerin \u00fcretimidir.[\/et_pb_text][\/et_pb_column][\/et_pb_row][et_pb_row _builder_version=&#8221;4.27.4&#8243; _module_preset=&#8221;default&#8221; width_tablet=&#8221;&#8221; width_phone=&#8221;100%&#8221; width_last_edited=&#8221;on|phone&#8221; global_colors_info=&#8221;{}&#8221; theme_builder_area=&#8221;post_content&#8221;][et_pb_column type=&#8221;4_4&#8243; _builder_version=&#8221;4.25.1&#8243; _module_preset=&#8221;default&#8221; global_colors_info=&#8221;{}&#8221; theme_builder_area=&#8221;post_content&#8221;][et_pb_image src=&#8221;https:\/\/sanakin.com\/wp-content\/uploads\/2025\/02\/Dermatology_3.webp&#8221; title_text=&#8221;Dermatology_3&#8243; src_tablet=&#8221;https:\/\/sanakin.com\/wp-content\/uploads\/2024\/06\/Sanakin_Webpage_Dermatology-3.jpg&#8221; src_phone=&#8221;https:\/\/sanakin.com\/wp-content\/uploads\/2025\/02\/Mobile_Dermatology_2.webp&#8221; src_last_edited=&#8221;on|phone&#8221; _builder_version=&#8221;4.27.4&#8243; _module_preset=&#8221;default&#8221; global_colors_info=&#8221;{}&#8221; theme_builder_area=&#8221;post_content&#8221;][\/et_pb_image][\/et_pb_column][\/et_pb_row][et_pb_row _builder_version=&#8221;4.25.1&#8243; _module_preset=&#8221;default&#8221; global_colors_info=&#8221;{}&#8221; theme_builder_area=&#8221;post_content&#8221;][et_pb_column type=&#8221;4_4&#8243; _builder_version=&#8221;4.25.1&#8243; _module_preset=&#8221;default&#8221; global_colors_info=&#8221;{}&#8221; theme_builder_area=&#8221;post_content&#8221;][et_pb_text _builder_version=&#8221;4.25.2&#8243; _module_preset=&#8221;default&#8221; text_font=&#8221;PT Sans||||||||&#8221; global_colors_info=&#8221;{}&#8221; theme_builder_area=&#8221;post_content&#8221;]Sanakin Teknolojisi, iltihaplanma ve doku hasar\u0131n\u0131 tamamen biyolojik ve tamamen endojen bir \u015fekilde tedavi etme konusunda size e\u015fsiz bir f\u0131rsat sunuyor. Bu ileri teknolojiyi Dermatoloji prati\u011finizde rahatl\u0131kla uygulayabilirsiniz, \u00e7\u00fcnk\u00fc son derece iyi tolere edilir ve temelde s\u0131n\u0131rs\u0131z tedavi s\u00fcresi sa\u011flar.[\/et_pb_text][\/et_pb_column][\/et_pb_row][\/et_pb_section]<\/p>\n","protected":false},"excerpt":{"rendered":"<p>&lt; Back to ApplicationsCilt, insan v\u00fccudunun en b\u00fcy\u00fck organ\u0131d\u0131r. S\u0131cakl\u0131k ve nemi d\u00fczenler, d\u0131\u015f etkenlere ve patojenlere kar\u015f\u0131 korur, ayn\u0131 zamanda uyaranlar\u0131 \u00e7ok h\u0131zl\u0131 bir \u015fekilde al\u0131r ve hassas bir \u015fekilde tepki verir. Ka\u015f\u0131nt\u0131, k\u0131zar\u0131kl\u0131k, soyulma ve sivilceler gibi belirtiler, yaln\u0131zca hastan\u0131n \u00f6zg\u00fcveni \u00fczerinde olumsuz etkiler yaratmakla kalmaz, ayn\u0131 zamanda bazen a\u011fr\u0131l\u0131 da olabilir. Bu [&hellip;]<\/p>\n","protected":false},"author":1,"featured_media":0,"parent":4258,"menu_order":0,"comment_status":"closed","ping_status":"closed","template":"","meta":{"_et_pb_use_builder":"on","_et_pb_old_content":"","_et_gb_content_width":"","footnotes":""},"difl_page_category":[],"class_list":["post-4278","page","type-page","status-publish","hentry"],"yoast_head":"<!-- This site is optimized with the Yoast SEO plugin v27.3 - https:\/\/yoast.com\/product\/yoast-seo-wordpress\/ -->\n<title>Dermatoloji - Sanakin<\/title>\n<meta name=\"robots\" content=\"index, follow, max-snippet:-1, max-image-preview:large, max-video-preview:-1\" \/>\n<link rel=\"canonical\" href=\"https:\/\/sanakin.com\/tr\/application\/dermatology\/\" \/>\n<meta name=\"twitter:label1\" content=\"Tahmini okuma s\u00fcresi\" \/>\n\t<meta name=\"twitter:data1\" content=\"5 dakika\" \/>\n<script type=\"application\/ld+json\" class=\"yoast-schema-graph\">{\"@context\":\"https:\\\/\\\/schema.org\",\"@graph\":[{\"@type\":\"WebPage\",\"@id\":\"https:\\\/\\\/sanakin.com\\\/tr\\\/application\\\/dermatology\\\/\",\"url\":\"https:\\\/\\\/sanakin.com\\\/tr\\\/application\\\/dermatology\\\/\",\"name\":\"Dermatoloji - Sanakin\",\"isPartOf\":{\"@id\":\"https:\\\/\\\/sanakin.com\\\/tr\\\/#website\"},\"datePublished\":\"2024-06-09T05:31:35+00:00\",\"dateModified\":\"2025-05-14T06:57:44+00:00\",\"breadcrumb\":{\"@id\":\"https:\\\/\\\/sanakin.com\\\/tr\\\/application\\\/dermatology\\\/#breadcrumb\"},\"inLanguage\":\"tr\",\"potentialAction\":[{\"@type\":\"ReadAction\",\"target\":[\"https:\\\/\\\/sanakin.com\\\/tr\\\/application\\\/dermatology\\\/\"]}]},{\"@type\":\"BreadcrumbList\",\"@id\":\"https:\\\/\\\/sanakin.com\\\/tr\\\/application\\\/dermatology\\\/#breadcrumb\",\"itemListElement\":[{\"@type\":\"ListItem\",\"position\":1,\"name\":\"Home\",\"item\":\"https:\\\/\\\/sanakin.com\\\/tr\\\/home\\\/\"},{\"@type\":\"ListItem\",\"position\":2,\"name\":\"Application\",\"item\":\"https:\\\/\\\/sanakin.com\\\/tr\\\/application\\\/\"},{\"@type\":\"ListItem\",\"position\":3,\"name\":\"Dermatoloji\"}]},{\"@type\":\"WebSite\",\"@id\":\"https:\\\/\\\/sanakin.com\\\/tr\\\/#website\",\"url\":\"https:\\\/\\\/sanakin.com\\\/tr\\\/\",\"name\":\"Sanakin\",\"description\":\"\",\"potentialAction\":[{\"@type\":\"SearchAction\",\"target\":{\"@type\":\"EntryPoint\",\"urlTemplate\":\"https:\\\/\\\/sanakin.com\\\/tr\\\/?s={search_term_string}\"},\"query-input\":{\"@type\":\"PropertyValueSpecification\",\"valueRequired\":true,\"valueName\":\"search_term_string\"}}],\"inLanguage\":\"tr\"}]}<\/script>\n<!-- \/ Yoast SEO plugin. -->","yoast_head_json":{"title":"Dermatoloji - Sanakin","robots":{"index":"index","follow":"follow","max-snippet":"max-snippet:-1","max-image-preview":"max-image-preview:large","max-video-preview":"max-video-preview:-1"},"canonical":"https:\/\/sanakin.com\/tr\/application\/dermatology\/","twitter_misc":{"Tahmini okuma s\u00fcresi":"5 dakika"},"schema":{"@context":"https:\/\/schema.org","@graph":[{"@type":"WebPage","@id":"https:\/\/sanakin.com\/tr\/application\/dermatology\/","url":"https:\/\/sanakin.com\/tr\/application\/dermatology\/","name":"Dermatoloji - Sanakin","isPartOf":{"@id":"https:\/\/sanakin.com\/tr\/#website"},"datePublished":"2024-06-09T05:31:35+00:00","dateModified":"2025-05-14T06:57:44+00:00","breadcrumb":{"@id":"https:\/\/sanakin.com\/tr\/application\/dermatology\/#breadcrumb"},"inLanguage":"tr","potentialAction":[{"@type":"ReadAction","target":["https:\/\/sanakin.com\/tr\/application\/dermatology\/"]}]},{"@type":"BreadcrumbList","@id":"https:\/\/sanakin.com\/tr\/application\/dermatology\/#breadcrumb","itemListElement":[{"@type":"ListItem","position":1,"name":"Home","item":"https:\/\/sanakin.com\/tr\/home\/"},{"@type":"ListItem","position":2,"name":"Application","item":"https:\/\/sanakin.com\/tr\/application\/"},{"@type":"ListItem","position":3,"name":"Dermatoloji"}]},{"@type":"WebSite","@id":"https:\/\/sanakin.com\/tr\/#website","url":"https:\/\/sanakin.com\/tr\/","name":"Sanakin","description":"","potentialAction":[{"@type":"SearchAction","target":{"@type":"EntryPoint","urlTemplate":"https:\/\/sanakin.com\/tr\/?s={search_term_string}"},"query-input":{"@type":"PropertyValueSpecification","valueRequired":true,"valueName":"search_term_string"}}],"inLanguage":"tr"}]}},"_links":{"self":[{"href":"https:\/\/sanakin.com\/tr\/wp-json\/wp\/v2\/pages\/4278","targetHints":{"allow":["GET"]}}],"collection":[{"href":"https:\/\/sanakin.com\/tr\/wp-json\/wp\/v2\/pages"}],"about":[{"href":"https:\/\/sanakin.com\/tr\/wp-json\/wp\/v2\/types\/page"}],"author":[{"embeddable":true,"href":"https:\/\/sanakin.com\/tr\/wp-json\/wp\/v2\/users\/1"}],"replies":[{"embeddable":true,"href":"https:\/\/sanakin.com\/tr\/wp-json\/wp\/v2\/comments?post=4278"}],"version-history":[{"count":2,"href":"https:\/\/sanakin.com\/tr\/wp-json\/wp\/v2\/pages\/4278\/revisions"}],"predecessor-version":[{"id":4286,"href":"https:\/\/sanakin.com\/tr\/wp-json\/wp\/v2\/pages\/4278\/revisions\/4286"}],"up":[{"embeddable":true,"href":"https:\/\/sanakin.com\/tr\/wp-json\/wp\/v2\/pages\/4258"}],"wp:attachment":[{"href":"https:\/\/sanakin.com\/tr\/wp-json\/wp\/v2\/media?parent=4278"}],"wp:term":[{"taxonomy":"difl_page_category","embeddable":true,"href":"https:\/\/sanakin.com\/tr\/wp-json\/wp\/v2\/difl_page_category?post=4278"}],"curies":[{"name":"wp","href":"https:\/\/api.w.org\/{rel}","templated":true}]}}