{"id":4259,"date":"2024-06-03T13:23:57","date_gmt":"2024-06-03T11:23:57","guid":{"rendered":"https:\/\/sanakin.com\/application\/omurga\/"},"modified":"2025-05-14T08:53:17","modified_gmt":"2025-05-14T06:53:17","slug":"spine","status":"publish","type":"page","link":"https:\/\/sanakin.com\/tr\/application\/spine\/","title":{"rendered":"Omurga"},"content":{"rendered":"<p>[et_pb_section fb_built=&#8221;1&#8243; admin_label=&#8221;Application Header&#8221; _builder_version=&#8221;4.27.4&#8243; _module_preset=&#8221;default&#8221; positioning=&#8221;none&#8221; position_origin_a=&#8221;top_center&#8221; custom_padding=&#8221;0px||0px||true|false&#8221; collapsed=&#8221;off&#8221; global_colors_info=&#8221;{}&#8221; theme_builder_area=&#8221;post_content&#8221;][et_pb_row _builder_version=&#8221;4.27.4&#8243; _module_preset=&#8221;default&#8221; width=&#8221;100%&#8221; custom_padding=&#8221;0px||0px||true|false&#8221; global_colors_info=&#8221;{}&#8221; theme_builder_area=&#8221;post_content&#8221;][et_pb_column type=&#8221;4_4&#8243; _builder_version=&#8221;4.27.4&#8243; _module_preset=&#8221;default&#8221; global_colors_info=&#8221;{}&#8221; theme_builder_area=&#8221;post_content&#8221;][et_pb_image src=&#8221;https:\/\/sanakin.com\/wp-content\/uploads\/2025\/02\/slider_spine.webp&#8221; title_text=&#8221;slider_spine_mobile&#8221; force_fullwidth=&#8221;on&#8221; src_tablet=&#8221;&#8221; src_phone=&#8221;https:\/\/sanakin.com\/wp-content\/uploads\/2025\/02\/slider_spine_mobile.webp&#8221; src_last_edited=&#8221;on|phone&#8221; _builder_version=&#8221;4.27.4&#8243; _module_preset=&#8221;default&#8221; global_colors_info=&#8221;{}&#8221; theme_builder_area=&#8221;post_content&#8221;][\/et_pb_image][et_pb_image src=&#8221;https:\/\/sanakin.com\/wp-content\/uploads\/2024\/07\/spine_icon_animated.svg&#8221; title_text=&#8221;spine_icon_animated&#8221; admin_label=&#8221;Application Icon&#8221; _builder_version=&#8221;4.27.4&#8243; _module_preset=&#8221;default&#8221; positioning=&#8221;absolute&#8221; position_origin_a=&#8221;top_right&#8221; vertical_offset=&#8221;20px&#8221; horizontal_offset=&#8221;20px&#8221; z_index=&#8221;99999&#8243; height=&#8221;80px&#8221; global_colors_info=&#8221;{}&#8221; theme_builder_area=&#8221;post_content&#8221;][\/et_pb_image][\/et_pb_column][\/et_pb_row][\/et_pb_section][et_pb_section fb_built=&#8221;1&#8243; admin_label=&#8221;Application Content&#8221; _builder_version=&#8221;4.27.4&#8243; _module_preset=&#8221;default&#8221; collapsed=&#8221;off&#8221; global_colors_info=&#8221;{}&#8221; theme_builder_area=&#8221;post_content&#8221;][et_pb_row _builder_version=&#8221;4.25.1&#8243; _module_preset=&#8221;default&#8221; custom_margin=&#8221;0px||0px||true|false&#8221; custom_padding=&#8221;0px||0px||true|false&#8221; global_colors_info=&#8221;{}&#8221; theme_builder_area=&#8221;post_content&#8221;][et_pb_column type=&#8221;4_4&#8243; _builder_version=&#8221;4.25.1&#8243; _module_preset=&#8221;default&#8221; global_colors_info=&#8221;{}&#8221; theme_builder_area=&#8221;post_content&#8221;][et_pb_text admin_label=&#8221;Back to Applications&#8221; _builder_version=&#8221;4.27.4&#8243; _dynamic_attributes=&#8221;link_option_url&#8221; _module_preset=&#8221;default&#8221; text_font=&#8221;PT Sans||||||||&#8221; text_text_color=&#8221;#5e96c1&#8243; link_option_url=&#8221;@ET-DC@eyJkeW5hbWljIjp0cnVlLCJjb250ZW50IjoicG9zdF9tZXRhX2tleSIsInNldHRpbmdzIjp7ImJlZm9yZSI6IiIsImFmdGVyIjoiIiwibWV0YV9rZXkiOiIifX0=@&#8221; global_module=&#8221;3629&#8243; saved_tabs=&#8221;all&#8221; global_colors_info=&#8221;{}&#8221; theme_builder_area=&#8221;post_content&#8221;]<\/p>\n<p><a href=\"https:\/\/sanakin.com\/#fields\">&lt; Back to Applications<\/a><\/p>\n<p>[\/et_pb_text][\/et_pb_column][\/et_pb_row][et_pb_row _builder_version=&#8221;4.25.1&#8243; _module_preset=&#8221;default&#8221; background_color=&#8221;RGBA(255,255,255,0)&#8221; global_colors_info=&#8221;{}&#8221; theme_builder_area=&#8221;post_content&#8221;][et_pb_column type=&#8221;4_4&#8243; _builder_version=&#8221;4.25.1&#8243; _module_preset=&#8221;default&#8221; global_colors_info=&#8221;{}&#8221; theme_builder_area=&#8221;post_content&#8221;][et_pb_heading title=&#8221;Ba\u015far\u0131l\u0131 bir tedavinin temelinde ne yatmaktad\u0131r? V\u00fccudun kendi yenilenme yetene\u011fi &#8221; _builder_version=&#8221;4.27.4&#8243; _module_preset=&#8221;default&#8221; title_font=&#8221;PT Sans|700|||||||&#8221; title_text_color=&#8221;#0C71C3&#8243; custom_padding=&#8221;||2em||false|false&#8221; global_colors_info=&#8221;{}&#8221; theme_builder_area=&#8221;post_content&#8221;][\/et_pb_heading][et_pb_text _builder_version=&#8221;4.25.2&#8243; _module_preset=&#8221;default&#8221; text_font=&#8221;PT Sans||||||||&#8221; global_colors_info=&#8221;{}&#8221; theme_builder_area=&#8221;post_content&#8221;]Omurgan\u0131n yap\u0131s\u0131 olduk\u00e7a karma\u015f\u0131kt\u0131r ve v\u00fccudun genel stabilitesini ve hareketlili\u011fini sa\u011flar. Ancak y\u0131llar i\u00e7inde doku a\u015f\u0131nmaya ba\u015flar ve bu da \u00e7e\u015fitli dejeneratif de\u011fi\u015fimlere yol a\u00e7ar. Bu de\u011fi\u015fiklikler, f\u0131t\u0131kla\u015fm\u0131\u015f diskler, kemik \u00e7\u0131k\u0131nt\u0131lar\u0131 (osteofitler), eklem a\u015f\u0131nmas\u0131 (osteoartrit) ve omurga cisimlerinde de\u011fi\u015fikliklere neden olabilir. T\u00fcm bunlar a\u011fr\u0131, sertlik ve omurga hareketlili\u011finde bozulmalarla ili\u015fkilidir.  <\/p>\n<p>Bu y\u00fczden, iltihab\u0131 h\u0131zla durdurabilecek, hasar g\u00f6rm\u00fc\u015f dokuyu onarabilecek ve hastan\u0131n ya\u015fam kalitesini iyile\u015ftirebilecek uygun bir tedavi stratejisi geli\u015ftirmek \u00e7ok \u00f6nemlidir.[\/et_pb_text][\/et_pb_column][\/et_pb_row][et_pb_row _builder_version=&#8221;4.27.4&#8243; _module_preset=&#8221;default&#8221; width_tablet=&#8221;&#8221; width_phone=&#8221;100%&#8221; width_last_edited=&#8221;on|phone&#8221; global_colors_info=&#8221;{}&#8221; theme_builder_area=&#8221;post_content&#8221;][et_pb_column type=&#8221;4_4&#8243; _builder_version=&#8221;4.25.1&#8243; _module_preset=&#8221;default&#8221; global_colors_info=&#8221;{}&#8221; theme_builder_area=&#8221;post_content&#8221;][et_pb_image src=&#8221;https:\/\/sanakin.com\/wp-content\/uploads\/2025\/02\/Spine_2.webp&#8221; title_text=&#8221;Spine_2&#8243; src_tablet=&#8221;https:\/\/sanakin.com\/wp-content\/uploads\/2024\/06\/Sanakin_Webpage_Spine-2.jpg&#8221; src_phone=&#8221;https:\/\/sanakin.com\/wp-content\/uploads\/2025\/02\/Mobile_Spine_1.webp&#8221; src_last_edited=&#8221;on|phone&#8221; _builder_version=&#8221;4.27.4&#8243; _module_preset=&#8221;default&#8221; global_colors_info=&#8221;{}&#8221; theme_builder_area=&#8221;post_content&#8221;][\/et_pb_image][\/et_pb_column][\/et_pb_row][et_pb_row _builder_version=&#8221;4.25.1&#8243; _module_preset=&#8221;default&#8221; global_colors_info=&#8221;{}&#8221; theme_builder_area=&#8221;post_content&#8221;][et_pb_column type=&#8221;4_4&#8243; _builder_version=&#8221;4.25.1&#8243; _module_preset=&#8221;default&#8221; global_colors_info=&#8221;{}&#8221; theme_builder_area=&#8221;post_content&#8221;][et_pb_text _builder_version=&#8221;4.25.2&#8243; _module_preset=&#8221;default&#8221; text_font=&#8221;PT Sans||||||||&#8221; global_colors_info=&#8221;{}&#8221; theme_builder_area=&#8221;post_content&#8221;]Sanakin Teknolojisi sayesinde, hekimler omurgadaki her t\u00fcr iltihapla h\u0131zla ba\u015fa \u00e7\u0131kabilir, y\u00fcksek tolerans ve etkinlik sa\u011flan\u0131r, bu s\u00fcre\u00e7te yapay katk\u0131 maddelerinden tamamen ka\u00e7\u0131n\u0131l\u0131r. %100 otolog serumun odak noktas\u0131, iltihaplanmaya kararl\u0131 bir \u015fekilde m\u00fcdahale eden, onu d\u00fczenleyen ve sonras\u0131nda yenilenme s\u00fcre\u00e7lerini tetikleyen pozitif sitokinlerin \u00fcretimidir.[\/et_pb_text][\/et_pb_column][\/et_pb_row][et_pb_row _builder_version=&#8221;4.27.4&#8243; _module_preset=&#8221;default&#8221; width_tablet=&#8221;&#8221; width_phone=&#8221;100%&#8221; width_last_edited=&#8221;on|phone&#8221; global_colors_info=&#8221;{}&#8221; theme_builder_area=&#8221;post_content&#8221;][et_pb_column type=&#8221;4_4&#8243; _builder_version=&#8221;4.25.1&#8243; _module_preset=&#8221;default&#8221; global_colors_info=&#8221;{}&#8221; theme_builder_area=&#8221;post_content&#8221;][et_pb_image src=&#8221;https:\/\/sanakin.com\/wp-content\/uploads\/2025\/02\/Spine_3.webp&#8221; title_text=&#8221;Spine_3&#8243; src_tablet=&#8221;https:\/\/sanakin.com\/wp-content\/uploads\/2024\/06\/Sanakin_Webpage_Spine-3.jpg&#8221; src_phone=&#8221;https:\/\/sanakin.com\/wp-content\/uploads\/2025\/02\/Mobile_Spine_2.webp&#8221; src_last_edited=&#8221;on|phone&#8221; _builder_version=&#8221;4.27.4&#8243; _module_preset=&#8221;default&#8221; global_colors_info=&#8221;{}&#8221; theme_builder_area=&#8221;post_content&#8221;][\/et_pb_image][\/et_pb_column][\/et_pb_row][et_pb_row _builder_version=&#8221;4.25.1&#8243; _module_preset=&#8221;default&#8221; global_colors_info=&#8221;{}&#8221; theme_builder_area=&#8221;post_content&#8221;][et_pb_column type=&#8221;4_4&#8243; _builder_version=&#8221;4.25.1&#8243; _module_preset=&#8221;default&#8221; global_colors_info=&#8221;{}&#8221; theme_builder_area=&#8221;post_content&#8221;][et_pb_text _builder_version=&#8221;4.27.4&#8243; _module_preset=&#8221;default&#8221; text_font=&#8221;PT Sans||||||||&#8221; hover_enabled=&#8221;0&#8243; global_colors_info=&#8221;{}&#8221; theme_builder_area=&#8221;post_content&#8221; sticky_enabled=&#8221;0&#8243;]<\/p>\n<p>Sanakin Teknolojisi, iltihaplanma ve doku hasar\u0131n\u0131 tamamen biyolojik ve v\u00fccuda \u00f6zg\u00fc bir \u015fekilde tedavi etme konusunda size e\u015fsiz bir f\u0131rsat sunuyor. Bu ileri teknolojiyi N\u00f6roloji prati\u011finizde rahatl\u0131kla uygulayabilirsiniz, \u00e7\u00fcnk\u00fc tamamen do\u011fald\u0131r, g\u00fcvenlidir ve temelde s\u0131n\u0131rs\u0131z tedavi s\u00fcresi sa\u011flar. <\/p>\n<p>[\/et_pb_text][\/et_pb_column][\/et_pb_row][\/et_pb_section]<\/p>\n","protected":false},"excerpt":{"rendered":"<p>&lt; Back to Applications Omurgan\u0131n yap\u0131s\u0131 olduk\u00e7a karma\u015f\u0131kt\u0131r ve v\u00fccudun genel stabilitesini ve hareketlili\u011fini sa\u011flar. Ancak y\u0131llar i\u00e7inde doku a\u015f\u0131nmaya ba\u015flar ve bu da \u00e7e\u015fitli dejeneratif de\u011fi\u015fimlere yol a\u00e7ar. Bu de\u011fi\u015fiklikler, f\u0131t\u0131kla\u015fm\u0131\u015f diskler, kemik \u00e7\u0131k\u0131nt\u0131lar\u0131 (osteofitler), eklem a\u015f\u0131nmas\u0131 (osteoartrit) ve omurga cisimlerinde de\u011fi\u015fikliklere neden olabilir. T\u00fcm bunlar a\u011fr\u0131, sertlik ve omurga hareketlili\u011finde bozulmalarla ili\u015fkilidir. Bu [&hellip;]<\/p>\n","protected":false},"author":1,"featured_media":0,"parent":4258,"menu_order":0,"comment_status":"closed","ping_status":"closed","template":"","meta":{"_et_pb_use_builder":"on","_et_pb_old_content":"","_et_gb_content_width":"","footnotes":""},"difl_page_category":[],"class_list":["post-4259","page","type-page","status-publish","hentry"],"yoast_head":"<!-- This site is optimized with the Yoast SEO plugin v27.3 - https:\/\/yoast.com\/product\/yoast-seo-wordpress\/ -->\n<title>Omurga - Sanakin<\/title>\n<meta name=\"robots\" content=\"index, follow, max-snippet:-1, max-image-preview:large, max-video-preview:-1\" \/>\n<link rel=\"canonical\" href=\"https:\/\/sanakin.com\/tr\/application\/spine\/\" \/>\n<meta name=\"twitter:label1\" content=\"Tahmini okuma s\u00fcresi\" \/>\n\t<meta name=\"twitter:data1\" content=\"5 dakika\" \/>\n<script type=\"application\/ld+json\" class=\"yoast-schema-graph\">{\"@context\":\"https:\\\/\\\/schema.org\",\"@graph\":[{\"@type\":\"WebPage\",\"@id\":\"https:\\\/\\\/sanakin.com\\\/tr\\\/application\\\/spine\\\/\",\"url\":\"https:\\\/\\\/sanakin.com\\\/tr\\\/application\\\/spine\\\/\",\"name\":\"Omurga - Sanakin\",\"isPartOf\":{\"@id\":\"https:\\\/\\\/sanakin.com\\\/tr\\\/#website\"},\"datePublished\":\"2024-06-03T11:23:57+00:00\",\"dateModified\":\"2025-05-14T06:53:17+00:00\",\"breadcrumb\":{\"@id\":\"https:\\\/\\\/sanakin.com\\\/tr\\\/application\\\/spine\\\/#breadcrumb\"},\"inLanguage\":\"tr\",\"potentialAction\":[{\"@type\":\"ReadAction\",\"target\":[\"https:\\\/\\\/sanakin.com\\\/tr\\\/application\\\/spine\\\/\"]}]},{\"@type\":\"BreadcrumbList\",\"@id\":\"https:\\\/\\\/sanakin.com\\\/tr\\\/application\\\/spine\\\/#breadcrumb\",\"itemListElement\":[{\"@type\":\"ListItem\",\"position\":1,\"name\":\"Home\",\"item\":\"https:\\\/\\\/sanakin.com\\\/tr\\\/home\\\/\"},{\"@type\":\"ListItem\",\"position\":2,\"name\":\"Application\",\"item\":\"https:\\\/\\\/sanakin.com\\\/tr\\\/application\\\/\"},{\"@type\":\"ListItem\",\"position\":3,\"name\":\"Omurga\"}]},{\"@type\":\"WebSite\",\"@id\":\"https:\\\/\\\/sanakin.com\\\/tr\\\/#website\",\"url\":\"https:\\\/\\\/sanakin.com\\\/tr\\\/\",\"name\":\"Sanakin\",\"description\":\"\",\"potentialAction\":[{\"@type\":\"SearchAction\",\"target\":{\"@type\":\"EntryPoint\",\"urlTemplate\":\"https:\\\/\\\/sanakin.com\\\/tr\\\/?s={search_term_string}\"},\"query-input\":{\"@type\":\"PropertyValueSpecification\",\"valueRequired\":true,\"valueName\":\"search_term_string\"}}],\"inLanguage\":\"tr\"}]}<\/script>\n<!-- \/ Yoast SEO plugin. -->","yoast_head_json":{"title":"Omurga - Sanakin","robots":{"index":"index","follow":"follow","max-snippet":"max-snippet:-1","max-image-preview":"max-image-preview:large","max-video-preview":"max-video-preview:-1"},"canonical":"https:\/\/sanakin.com\/tr\/application\/spine\/","twitter_misc":{"Tahmini okuma s\u00fcresi":"5 dakika"},"schema":{"@context":"https:\/\/schema.org","@graph":[{"@type":"WebPage","@id":"https:\/\/sanakin.com\/tr\/application\/spine\/","url":"https:\/\/sanakin.com\/tr\/application\/spine\/","name":"Omurga - Sanakin","isPartOf":{"@id":"https:\/\/sanakin.com\/tr\/#website"},"datePublished":"2024-06-03T11:23:57+00:00","dateModified":"2025-05-14T06:53:17+00:00","breadcrumb":{"@id":"https:\/\/sanakin.com\/tr\/application\/spine\/#breadcrumb"},"inLanguage":"tr","potentialAction":[{"@type":"ReadAction","target":["https:\/\/sanakin.com\/tr\/application\/spine\/"]}]},{"@type":"BreadcrumbList","@id":"https:\/\/sanakin.com\/tr\/application\/spine\/#breadcrumb","itemListElement":[{"@type":"ListItem","position":1,"name":"Home","item":"https:\/\/sanakin.com\/tr\/home\/"},{"@type":"ListItem","position":2,"name":"Application","item":"https:\/\/sanakin.com\/tr\/application\/"},{"@type":"ListItem","position":3,"name":"Omurga"}]},{"@type":"WebSite","@id":"https:\/\/sanakin.com\/tr\/#website","url":"https:\/\/sanakin.com\/tr\/","name":"Sanakin","description":"","potentialAction":[{"@type":"SearchAction","target":{"@type":"EntryPoint","urlTemplate":"https:\/\/sanakin.com\/tr\/?s={search_term_string}"},"query-input":{"@type":"PropertyValueSpecification","valueRequired":true,"valueName":"search_term_string"}}],"inLanguage":"tr"}]}},"_links":{"self":[{"href":"https:\/\/sanakin.com\/tr\/wp-json\/wp\/v2\/pages\/4259","targetHints":{"allow":["GET"]}}],"collection":[{"href":"https:\/\/sanakin.com\/tr\/wp-json\/wp\/v2\/pages"}],"about":[{"href":"https:\/\/sanakin.com\/tr\/wp-json\/wp\/v2\/types\/page"}],"author":[{"embeddable":true,"href":"https:\/\/sanakin.com\/tr\/wp-json\/wp\/v2\/users\/1"}],"replies":[{"embeddable":true,"href":"https:\/\/sanakin.com\/tr\/wp-json\/wp\/v2\/comments?post=4259"}],"version-history":[{"count":2,"href":"https:\/\/sanakin.com\/tr\/wp-json\/wp\/v2\/pages\/4259\/revisions"}],"predecessor-version":[{"id":4267,"href":"https:\/\/sanakin.com\/tr\/wp-json\/wp\/v2\/pages\/4259\/revisions\/4267"}],"up":[{"embeddable":true,"href":"https:\/\/sanakin.com\/tr\/wp-json\/wp\/v2\/pages\/4258"}],"wp:attachment":[{"href":"https:\/\/sanakin.com\/tr\/wp-json\/wp\/v2\/media?parent=4259"}],"wp:term":[{"taxonomy":"difl_page_category","embeddable":true,"href":"https:\/\/sanakin.com\/tr\/wp-json\/wp\/v2\/difl_page_category?post=4259"}],"curies":[{"name":"wp","href":"https:\/\/api.w.org\/{rel}","templated":true}]}}